{"id":16394,"date":"2025-06-30T18:10:38","date_gmt":"2025-06-30T15:10:38","guid":{"rendered":"https:\/\/www.bluedaisycandle.com\/?post_type=product&#038;p=16394"},"modified":"2026-03-19T15:17:44","modified_gmt":"2026-03-19T12:17:44","slug":"1-kg-siyah-inci-tozu-mum-vanilya","status":"publish","type":"product","link":"https:\/\/www.bluedaisycandle.com\/?product=1-kg-siyah-inci-tozu-mum-vanilya","title":{"rendered":"1 Kg Siyah \u0130nci Tozu Mum &#8211; Vanilya Kokulu &#038; %100 Bitkisel &#8211; 25 Adet (20 cm) Fitil Hediyeli"},"content":{"rendered":"<ul class=\"detail-desc-list\">\n<li>\n<p data-path-to-node=\"18\"><b data-path-to-node=\"18\" data-index-in-node=\"0\">\u00dcr\u00fcn Hakk\u0131nda:<\/b> Blue Daisy Candle\u2019\u0131n \u00f6zel form\u00fcll\u00fc inci tozu mumlar\u0131 ile evinizde bir sanat eseri yarat\u0131n. <b data-path-to-node=\"18\" data-index-in-node=\"106\">Derin Siyah<\/b> rengiyle bulundu\u011fu ortama a\u011f\u0131rl\u0131k ve asalet katan bu mum, yayd\u0131\u011f\u0131 yumu\u015fak <b data-path-to-node=\"18\" data-index-in-node=\"192\">Vanilya<\/b> kokusuyla sert g\u00f6r\u00fcnt\u00fcs\u00fcn\u00fcn alt\u0131nda s\u0131cak bir atmosfer saklar. <b data-path-to-node=\"18\" data-index-in-node=\"263\">Tamamen bitkisel palm ya\u011f\u0131ndan<\/b> \u00fcretilen bu \u00fcr\u00fcn, modern ofisler ve \u015f\u0131k salonlar i\u00e7in vazge\u00e7ilmezdir.<\/p>\n<p data-path-to-node=\"19\"><b data-path-to-node=\"19\" data-index-in-node=\"0\">Neden Blue Daisy \u0130nci Tozu Mum?<\/b><\/p>\n<ul data-path-to-node=\"20\">\n<li>\n<p data-path-to-node=\"20,0,0\"><b data-path-to-node=\"20,0,0\" data-index-in-node=\"0\">%100 Bitkisel ve Vegan:<\/b> Hayvansal ya\u011f veya petrol t\u00fcrevi i\u00e7ermez. Tamamen palm bitkisinden elde edilen organik ya\u011flarla \u00fcretilmi\u015ftir.<\/p>\n<\/li>\n<li>\n<p data-path-to-node=\"20,1,0\"><b data-path-to-node=\"20,1,0\" data-index-in-node=\"0\">Asla \u0130s Yapmaz:<\/b> Genelde siyah mumlar\u0131n is yapaca\u011f\u0131ndan endi\u015fe edilir. Ancak \u00f6zel bitkisel form\u00fcl\u00fcm\u00fcz sayesinde mumumuz <b data-path-to-node=\"20,1,0\" data-index-in-node=\"119\">tertemiz yanar<\/b>, siyah duman \u00e7\u0131karmaz, duvarlar\u0131n\u0131z\u0131 kirletmez.<\/p>\n<\/li>\n<li>\n<p data-path-to-node=\"20,2,0\"><b data-path-to-node=\"20,2,0\" data-index-in-node=\"0\">L\u00fcks Dekorasyon:<\/b> Siyah inci tozu mum, \u00f6zellikle alt\u0131n (gold) veya g\u00fcm\u00fc\u015f detayl\u0131 \u015famdanlarda\/kablarda kullan\u0131ld\u0131\u011f\u0131nda \u00e7ok l\u00fcks bir g\u00f6r\u00fcnt\u00fc verir.<\/p>\n<\/li>\n<li>\n<p data-path-to-node=\"20,3,0\"><b data-path-to-node=\"20,3,0\" data-index-in-node=\"0\">Sonsuz Tasar\u0131m:<\/b> Mumu s\u00f6nd\u00fcrd\u00fckten sonra eriyen k\u0131sm\u0131 at\u0131p, tozu sallad\u0131\u011f\u0131n\u0131zda mumunuz ilk g\u00fcnk\u00fc gibi <b data-path-to-node=\"20,3,0\" data-index-in-node=\"102\">yepyeni<\/b> g\u00f6r\u00fcn\u00fcr.<\/p>\n<\/li>\n<\/ul>\n<p data-path-to-node=\"21\"><b data-path-to-node=\"21\" data-index-in-node=\"0\">Paket \u0130\u00e7eri\u011fi:<\/b><\/p>\n<ul data-path-to-node=\"22\">\n<li>\n<p data-path-to-node=\"22,0,0\">1 Kg Vanilya Kokulu Siyah \u0130nci Tozu Mum<\/p>\n<\/li>\n<li>\n<p data-path-to-node=\"22,1,0\"><b data-path-to-node=\"22,1,0\" data-index-in-node=\"0\">25 Adet 20 cm Hediye Fitil<\/b> (Kullan\u0131ma Haz\u0131r)<\/p>\n<\/li>\n<\/ul>\n<p data-path-to-node=\"23\"><b data-path-to-node=\"23\" data-index-in-node=\"0\">Nas\u0131l Kullan\u0131l\u0131r?<\/b><\/p>\n<ol start=\"1\" data-path-to-node=\"24\">\n<li>\n<p data-path-to-node=\"24,0,0\">Siyah inci tozu mumu cam bir fanusa veya \u015feffaf bir kaba d\u00f6k\u00fcn.<\/p>\n<\/li>\n<li>\n<p data-path-to-node=\"24,1,0\">Yan\u0131nda g\u00f6nderdi\u011fimiz\u00a0 fitili, ucunda 0.5 cm kalacak \u015fekilde tozun i\u00e7ine yerle\u015ftirin.<\/p>\n<\/li>\n<li>\n<p data-path-to-node=\"24,2,0\">Fitili yak\u0131n ve asaletin keyfini \u00e7\u0131kar\u0131n!<\/p>\n<\/li>\n<li>\n<p data-path-to-node=\"24,3,0\">S\u00f6nd\u00fcrd\u00fckten sonra sertle\u015fen k\u0131sm\u0131 ma\u015fa ile al\u0131p at\u0131n, kalan tozu sallay\u0131n ve yeni bir fitil tak\u0131n.<\/p>\n<\/li>\n<\/ol>\n<p data-path-to-node=\"25\"><b data-path-to-node=\"25\" data-index-in-node=\"0\">Teknik \u00d6zellikler:<\/b><\/p>\n<ul data-path-to-node=\"26\">\n<li>\n<p data-path-to-node=\"26,0,0\"><b data-path-to-node=\"26,0,0\" data-index-in-node=\"0\">Hammadde:<\/b> Palm Bitkisi (Bitkisel Wax)<\/p>\n<\/li>\n<li>\n<p data-path-to-node=\"26,1,0\"><b data-path-to-node=\"26,1,0\" data-index-in-node=\"0\">\u0130\u00e7erik:<\/b> %100 Vegan, Organik, Parafin \u0130\u00e7ermez<\/p>\n<\/li>\n<li>\n<p data-path-to-node=\"26,2,0\"><b data-path-to-node=\"26,2,0\" data-index-in-node=\"0\">Renk:<\/b> Siyah<\/p>\n<\/li>\n<li>\n<p data-path-to-node=\"26,3,0\"><b data-path-to-node=\"26,3,0\" data-index-in-node=\"0\">Koku:<\/b> Vanilya (Tatl\u0131 ve S\u0131cak)<\/p>\n<\/li>\n<li>\n<p data-path-to-node=\"26,4,0\"><b data-path-to-node=\"26,4,0\" data-index-in-node=\"0\">Men\u015fei:<\/b> T\u00fcrkiye \/ Blue Daisy Candle<\/p>\n<\/li>\n<\/ul>\n<\/li>\n<\/ul>\n","protected":false},"excerpt":{"rendered":"<blockquote data-path-to-node=\"14\">\n<p data-path-to-node=\"14,0\">Siyah\u0131n b\u00fcy\u00fcleyici asaleti ve vanilyan\u0131n s\u0131cak notalar\u0131&#8230; Palm bitkisinden \u00fcretilen tamamen do\u011fal form\u00fcl\u00fcyle, dekorasyonunuza modern, l\u00fcks ve sofistike bir dokunu\u015f yap\u0131n.<\/p>\n<ul data-path-to-node=\"14,1\">\n<li>\n<p data-path-to-node=\"14,1,0,0\"><b data-path-to-node=\"14,1,0,0\" data-index-in-node=\"0\">Koku:<\/b> S\u0131cak Vanilya (Warm Vanilla)<\/p>\n<\/li>\n<li>\n<p data-path-to-node=\"14,1,1,0\"><b data-path-to-node=\"14,1,1,0\" data-index-in-node=\"0\">Renk:<\/b> Asil Siyah (Luxury Black)<\/p>\n<\/li>\n<li>\n<p data-path-to-node=\"14,1,2,0\"><b data-path-to-node=\"14,1,2,0\" data-index-in-node=\"0\">Do\u011fal \u0130\u00e7erik:<\/b> %100 Bitkisel (Palm), Vegan ve Organik.<\/p>\n<\/li>\n<li>\n<p data-path-to-node=\"14,1,3,0\"><b data-path-to-node=\"14,1,3,0\" data-index-in-node=\"0\">Temiz Yan\u0131\u015f:<\/b> <b data-path-to-node=\"14,1,3,0\" data-index-in-node=\"13\">Petrol ve t\u00fcrevleri i\u00e7ermez. Asla is ve duman yapmaz.<\/b><\/p>\n<\/li>\n<li>\n<p data-path-to-node=\"14,1,4,0\"><b data-path-to-node=\"14,1,4,0\" data-index-in-node=\"0\">Paket:<\/b> 1 Kg Ekonomik Avantaj Paketi + <b data-path-to-node=\"14,1,4,0\" data-index-in-node=\"38\">25 Adet (20 cm) Fitil Hediye<\/b><\/p>\n<\/li>\n<\/ul>\n<\/blockquote>\n","protected":false},"featured_media":16666,"comment_status":"open","ping_status":"closed","template":"","meta":[],"product_brand":[],"product_cat":[109,111],"product_tag":[],"class_list":{"0":"post-16394","1":"product","2":"type-product","3":"status-publish","4":"has-post-thumbnail","6":"product_cat-inci-tozu-mum","7":"product_cat-renkli-inci-tozu-mum","9":"first","10":"instock","11":"sale","12":"taxable","13":"shipping-taxable","14":"purchasable","15":"product-type-simple"},"jetpack_sharing_enabled":true,"_links":{"self":[{"href":"https:\/\/www.bluedaisycandle.com\/index.php?rest_route=\/wp\/v2\/product\/16394","targetHints":{"allow":["GET"]}}],"collection":[{"href":"https:\/\/www.bluedaisycandle.com\/index.php?rest_route=\/wp\/v2\/product"}],"about":[{"href":"https:\/\/www.bluedaisycandle.com\/index.php?rest_route=\/wp\/v2\/types\/product"}],"replies":[{"embeddable":true,"href":"https:\/\/www.bluedaisycandle.com\/index.php?rest_route=%2Fwp%2Fv2%2Fcomments&post=16394"}],"version-history":[{"count":3,"href":"https:\/\/www.bluedaisycandle.com\/index.php?rest_route=\/wp\/v2\/product\/16394\/revisions"}],"predecessor-version":[{"id":16668,"href":"https:\/\/www.bluedaisycandle.com\/index.php?rest_route=\/wp\/v2\/product\/16394\/revisions\/16668"}],"wp:featuredmedia":[{"embeddable":true,"href":"https:\/\/www.bluedaisycandle.com\/index.php?rest_route=\/wp\/v2\/media\/16666"}],"wp:attachment":[{"href":"https:\/\/www.bluedaisycandle.com\/index.php?rest_route=%2Fwp%2Fv2%2Fmedia&parent=16394"}],"wp:term":[{"taxonomy":"product_brand","embeddable":true,"href":"https:\/\/www.bluedaisycandle.com\/index.php?rest_route=%2Fwp%2Fv2%2Fproduct_brand&post=16394"},{"taxonomy":"product_cat","embeddable":true,"href":"https:\/\/www.bluedaisycandle.com\/index.php?rest_route=%2Fwp%2Fv2%2Fproduct_cat&post=16394"},{"taxonomy":"product_tag","embeddable":true,"href":"https:\/\/www.bluedaisycandle.com\/index.php?rest_route=%2Fwp%2Fv2%2Fproduct_tag&post=16394"}],"curies":[{"name":"wp","href":"https:\/\/api.w.org\/{rel}","templated":true}]}}