{"id":16388,"date":"2025-06-30T17:38:44","date_gmt":"2025-06-30T14:38:44","guid":{"rendered":"https:\/\/www.bluedaisycandle.com\/?post_type=product&#038;p=16388"},"modified":"2026-03-22T14:50:34","modified_gmt":"2026-03-22T11:50:34","slug":"1-kg-beyaz-inci-tozu-mum-mandalina","status":"publish","type":"product","link":"https:\/\/www.bluedaisycandle.com\/?product=1-kg-beyaz-inci-tozu-mum-mandalina","title":{"rendered":"1 Kg Mandalina Kokulu Beyaz Inci Tozu Mum ( 25 Adet 20 Cm Fitil Ile ) Beyaz Toz Mum"},"content":{"rendered":"<ul class=\"detail-desc-list\">\n<li>&#8211; G\u00fcnl\u00fck kullan\u0131m\u0131n\u0131za renk katacak, MANDAL\u0130NA kokulu inci tozu mum ile evinizin atmosferini tazeleyin.<\/li>\n<li>&#8211; Her bir mum fitiliyle uzun s\u00fcreli yanma deneyimi sunan bu \u00fcr\u00fcnler, odan\u0131zda ho\u015f bir koku yayarak rahatlat\u0131c\u0131 anlar ya\u015faman\u0131z\u0131 sa\u011flar.<\/li>\n<li>&#8211; Beyaz renkteki bu inci tozu mumlar\u0131, her t\u00fcrl\u00fc dekorasyonla uyumlu olup mekan\u0131n\u0131zda \u015f\u0131k bir g\u00f6r\u00fcn\u00fcm olu\u015ftururken ayn\u0131 zamanda aroma terapisi yapman\u0131z i\u00e7in idealdir.<\/li>\n<\/ul>\n","protected":false},"excerpt":{"rendered":"<p data-path-to-node=\"7,0\"><i data-path-to-node=\"7,0\" data-index-in-node=\"0\">&#8220;Beyaz\u0131n asaletini mandalinan\u0131n canland\u0131r\u0131c\u0131 enerjisiyle bulu\u015fturduk. Eriyip \u015fekli bozulan mumlara veda edin!&#8221;<\/i><\/p>\n<ul data-path-to-node=\"7,1\">\n<li>\n<p data-path-to-node=\"7,1,0,0\"><i data-path-to-node=\"7,1,0,0\" data-index-in-node=\"0\">Mandalina kokusuyla evinize tazelik katar<\/i><\/p>\n<\/li>\n<li>\n<p data-path-to-node=\"7,1,1,0\"><i data-path-to-node=\"7,1,1,0\" data-index-in-node=\"0\">1 Kg ekonomik avantaj paketi<\/i><\/p>\n<\/li>\n<li>\n<p data-path-to-node=\"7,1,2,0\"><i data-path-to-node=\"7,1,2,0\" data-index-in-node=\"0\">25 adet (20 cm) fitil hediye<\/i><\/p>\n<\/li>\n<li>\n<p data-path-to-node=\"7,1,3,0\"><i data-path-to-node=\"7,1,3,0\" data-index-in-node=\"0\">Tekrar kullan\u0131labilir, sonsuz tasar\u0131m<\/i><\/p>\n<\/li>\n<\/ul>\n","protected":false},"featured_media":16613,"comment_status":"open","ping_status":"closed","template":"","meta":[],"product_brand":[],"product_cat":[109,110],"product_tag":[],"class_list":{"0":"post-16388","1":"product","2":"type-product","3":"status-publish","4":"has-post-thumbnail","6":"product_cat-inci-tozu-mum","7":"product_cat-beyaz-inci-tozu-mum","9":"first","10":"instock","11":"sale","12":"taxable","13":"shipping-taxable","14":"purchasable","15":"product-type-simple"},"jetpack_sharing_enabled":true,"_links":{"self":[{"href":"https:\/\/www.bluedaisycandle.com\/index.php?rest_route=\/wp\/v2\/product\/16388","targetHints":{"allow":["GET"]}}],"collection":[{"href":"https:\/\/www.bluedaisycandle.com\/index.php?rest_route=\/wp\/v2\/product"}],"about":[{"href":"https:\/\/www.bluedaisycandle.com\/index.php?rest_route=\/wp\/v2\/types\/product"}],"replies":[{"embeddable":true,"href":"https:\/\/www.bluedaisycandle.com\/index.php?rest_route=%2Fwp%2Fv2%2Fcomments&post=16388"}],"version-history":[{"count":3,"href":"https:\/\/www.bluedaisycandle.com\/index.php?rest_route=\/wp\/v2\/product\/16388\/revisions"}],"predecessor-version":[{"id":16614,"href":"https:\/\/www.bluedaisycandle.com\/index.php?rest_route=\/wp\/v2\/product\/16388\/revisions\/16614"}],"wp:featuredmedia":[{"embeddable":true,"href":"https:\/\/www.bluedaisycandle.com\/index.php?rest_route=\/wp\/v2\/media\/16613"}],"wp:attachment":[{"href":"https:\/\/www.bluedaisycandle.com\/index.php?rest_route=%2Fwp%2Fv2%2Fmedia&parent=16388"}],"wp:term":[{"taxonomy":"product_brand","embeddable":true,"href":"https:\/\/www.bluedaisycandle.com\/index.php?rest_route=%2Fwp%2Fv2%2Fproduct_brand&post=16388"},{"taxonomy":"product_cat","embeddable":true,"href":"https:\/\/www.bluedaisycandle.com\/index.php?rest_route=%2Fwp%2Fv2%2Fproduct_cat&post=16388"},{"taxonomy":"product_tag","embeddable":true,"href":"https:\/\/www.bluedaisycandle.com\/index.php?rest_route=%2Fwp%2Fv2%2Fproduct_tag&post=16388"}],"curies":[{"name":"wp","href":"https:\/\/api.w.org\/{rel}","templated":true}]}}