{"id":16346,"date":"2025-06-30T15:41:31","date_gmt":"2025-06-30T12:41:31","guid":{"rendered":"https:\/\/www.bluedaisycandle.com\/?post_type=product&#038;p=16346"},"modified":"2026-01-08T14:49:29","modified_gmt":"2026-01-08T11:49:29","slug":"hazir-parafin-1-kg-kolay-kirilabilen-parafin-hobi","status":"publish","type":"product","link":"https:\/\/www.bluedaisycandle.com\/?product=hazir-parafin-1-kg-kolay-kirilabilen-parafin-hobi","title":{"rendered":"Haz\u0131r Parafin 1 Kg Kolay K\u0131r\u0131labilen Parafin &#8211; Hobi"},"content":{"rendered":"<ul class=\"detail-desc-list\">\n<li>Lavanta kokusu ile huzur veren bir atmosfer yarat\u0131r, evinizde veya ofisinizde rahatlat\u0131c\u0131 bir ortam sa\u011flar<\/li>\n<li>Kolay k\u0131r\u0131labilen yap\u0131s\u0131 sayesinde, mumlar\u0131 istedi\u011finiz \u015fekillerde \u015fekillendirerek benzersiz tasar\u0131mlar olu\u015fturabilirsiniz<\/li>\n<li>Hobi projelerinizde kullanabilece\u011finiz bu parafin, yarat\u0131c\u0131l\u0131\u011f\u0131n\u0131z\u0131 serbest b\u0131rakman\u0131z i\u00e7in ideal bir malzemedir<\/li>\n<\/ul>\n","protected":false},"excerpt":{"rendered":"<p>Lavanta kokusu ile huzur veren bir atmosfer yarat\u0131r, evinizde veya ofisinizde rahatlat\u0131c\u0131 bir ortam sa\u011flar Kolay k\u0131r\u0131labilen yap\u0131s\u0131 sayesinde, mumlar\u0131<\/p>\n","protected":false},"featured_media":16594,"comment_status":"open","ping_status":"closed","template":"","meta":[],"product_brand":[],"product_cat":[113,114],"product_tag":[],"class_list":{"0":"post-16346","1":"product","2":"type-product","3":"status-publish","4":"has-post-thumbnail","6":"product_cat-wax-mum-cesitleri","7":"product_cat-parafin-wax-wax-mum-cesitleri","9":"first","10":"instock","11":"sale","12":"taxable","13":"shipping-taxable","14":"purchasable","15":"product-type-simple"},"jetpack_sharing_enabled":true,"_links":{"self":[{"href":"https:\/\/www.bluedaisycandle.com\/index.php?rest_route=\/wp\/v2\/product\/16346","targetHints":{"allow":["GET"]}}],"collection":[{"href":"https:\/\/www.bluedaisycandle.com\/index.php?rest_route=\/wp\/v2\/product"}],"about":[{"href":"https:\/\/www.bluedaisycandle.com\/index.php?rest_route=\/wp\/v2\/types\/product"}],"replies":[{"embeddable":true,"href":"https:\/\/www.bluedaisycandle.com\/index.php?rest_route=%2Fwp%2Fv2%2Fcomments&post=16346"}],"version-history":[{"count":1,"href":"https:\/\/www.bluedaisycandle.com\/index.php?rest_route=\/wp\/v2\/product\/16346\/revisions"}],"predecessor-version":[{"id":16349,"href":"https:\/\/www.bluedaisycandle.com\/index.php?rest_route=\/wp\/v2\/product\/16346\/revisions\/16349"}],"wp:featuredmedia":[{"embeddable":true,"href":"https:\/\/www.bluedaisycandle.com\/index.php?rest_route=\/wp\/v2\/media\/16594"}],"wp:attachment":[{"href":"https:\/\/www.bluedaisycandle.com\/index.php?rest_route=%2Fwp%2Fv2%2Fmedia&parent=16346"}],"wp:term":[{"taxonomy":"product_brand","embeddable":true,"href":"https:\/\/www.bluedaisycandle.com\/index.php?rest_route=%2Fwp%2Fv2%2Fproduct_brand&post=16346"},{"taxonomy":"product_cat","embeddable":true,"href":"https:\/\/www.bluedaisycandle.com\/index.php?rest_route=%2Fwp%2Fv2%2Fproduct_cat&post=16346"},{"taxonomy":"product_tag","embeddable":true,"href":"https:\/\/www.bluedaisycandle.com\/index.php?rest_route=%2Fwp%2Fv2%2Fproduct_tag&post=16346"}],"curies":[{"name":"wp","href":"https:\/\/api.w.org\/{rel}","templated":true}]}}