{"id":16341,"date":"2025-06-30T15:06:41","date_gmt":"2025-06-30T12:06:41","guid":{"rendered":"https:\/\/www.bluedaisycandle.com\/?post_type=product&#038;p=16341"},"modified":"2026-03-31T17:59:53","modified_gmt":"2026-03-31T14:59:53","slug":"1-kg-inci-tozu-mum-25-adet-20-cm-fitil-ile-vanilya-kokulu-beyaz-toz-mum-kum-mum-kokulu-mum","status":"publish","type":"product","link":"https:\/\/www.bluedaisycandle.com\/?product=1-kg-inci-tozu-mum-25-adet-20-cm-fitil-ile-vanilya-kokulu-beyaz-toz-mum-kum-mum-kokulu-mum","title":{"rendered":"1 Kg Beyaz \u0130nci Tozu Mum  &#8211; Vanilya Kokulu &#038; %100 Bitkisel &#8211; 25 Adet (20 cm) Fitil Hediyeli"},"content":{"rendered":"<ul class=\"detail-desc-list two-columns\">\n<li>\n<p data-path-to-node=\"17\"><b data-path-to-node=\"17\" data-index-in-node=\"0\">\u00dcr\u00fcn Hakk\u0131nda:<\/b> Blue Daisy Candle\u2019\u0131n \u00f6zel form\u00fcll\u00fc inci tozu mumlar\u0131 ile evinizin havas\u0131n\u0131 de\u011fi\u015ftirin. <b data-path-to-node=\"17\" data-index-in-node=\"102\">Tamamen bitkisel palm ya\u011f\u0131ndan<\/b> \u00fcretilen bu \u00f6zel seri, yo\u011fun <b data-path-to-node=\"17\" data-index-in-node=\"162\">Vanilya<\/b> kokusuyla ya\u015fam alanlar\u0131n\u0131za hem \u015f\u0131kl\u0131k hem de tatl\u0131 bir huzur katar. Petrol t\u00fcrevleri ve parafin i\u00e7ermeyen yap\u0131s\u0131yla, sevdikleriniz i\u00e7in g\u00fcvenli bir kullan\u0131m sunar.<\/p>\n<p data-path-to-node=\"18\"><b data-path-to-node=\"18\" data-index-in-node=\"0\">Neden Blue Daisy \u0130nci Tozu Mum?<\/b><\/p>\n<ul data-path-to-node=\"19\">\n<li>\n<p data-path-to-node=\"19,0,0\"><b data-path-to-node=\"19,0,0\" data-index-in-node=\"0\">%100 Bitkisel ve Vegan:<\/b> Hayvansal ya\u011f veya petrol t\u00fcrevi i\u00e7ermez. Tamamen palm bitkisinden elde edilen organik ya\u011flarla \u00fcretilmi\u015ftir. Do\u011fada \u00e7\u00f6z\u00fcn\u00fcr, \u00e7evre dostudur.<\/p>\n<\/li>\n<li>\n<p data-path-to-node=\"19,1,0\"><b data-path-to-node=\"19,1,0\" data-index-in-node=\"0\">\u0130s ve Duman Yok:<\/b> \u0130\u00e7eri\u011findeki bitkisel form\u00fcl ve kaliteli pamuk fitili sayesinde yanarken <b data-path-to-node=\"19,1,0\" data-index-in-node=\"90\">siyah is veya duman \u00e7\u0131karmaz.<\/b> Duvarlar\u0131n\u0131z\u0131 ve perdelerinizi kirletmez.<\/p>\n<\/li>\n<li>\n<p data-path-to-node=\"19,2,0\"><b data-path-to-node=\"19,2,0\" data-index-in-node=\"0\">Sa\u011fl\u0131kl\u0131 ve G\u00fcvenli:<\/b> Petrol ve kanserojen madde i\u00e7ermedi\u011fi i\u00e7in soludu\u011funuz havay\u0131 kirletmez. Alerjik b\u00fcnyeler, \u00e7ocuklar ve evcil hayvanlar\u0131n bulundu\u011fu ortamlar i\u00e7in g\u00fcvenlidir.<\/p>\n<\/li>\n<li>\n<p data-path-to-node=\"19,3,0\"><b data-path-to-node=\"19,3,0\" data-index-in-node=\"0\">Sonsuz Tasar\u0131m:<\/b> Mumu s\u00f6nd\u00fcrd\u00fckten sonra eriyen k\u0131sm\u0131 at\u0131p, tozu sallad\u0131\u011f\u0131n\u0131zda mumunuz ilk g\u00fcnk\u00fc gibi <b data-path-to-node=\"19,3,0\" data-index-in-node=\"102\">yepyeni<\/b> g\u00f6r\u00fcn\u00fcr.<\/p>\n<\/li>\n<\/ul>\n<p data-path-to-node=\"20\"><b data-path-to-node=\"20\" data-index-in-node=\"0\">Paket \u0130\u00e7eri\u011fi:<\/b><\/p>\n<ul data-path-to-node=\"21\">\n<li>\n<p data-path-to-node=\"21,0,0\">1 Kg Vanilya Kokulu Beyaz \u0130nci Tozu Mum<\/p>\n<\/li>\n<li>\n<p data-path-to-node=\"21,1,0\"><b data-path-to-node=\"21,1,0\" data-index-in-node=\"0\">25 Adet 20 cm Hediye Fitil<\/b> (Kullan\u0131ma Haz\u0131r)<\/p>\n<\/li>\n<\/ul>\n<p data-path-to-node=\"22\"><b data-path-to-node=\"22\" data-index-in-node=\"0\">Nas\u0131l Kullan\u0131l\u0131r?<\/b><\/p>\n<ol start=\"1\" data-path-to-node=\"23\">\n<li>\n<p data-path-to-node=\"23,0,0\">Bitkisel inci tozu mumu cam bir fanusa, kaseye veya \u0131s\u0131ya dayan\u0131kl\u0131 herhangi bir kaba d\u00f6k\u00fcn.<\/p>\n<\/li>\n<li>\n<p data-path-to-node=\"23,1,0\">Yan\u0131nda g\u00f6nderdi\u011fimiz 20 cm uzunlu\u011fundaki fitili, ucunda 0.5 cm kalacak \u015fekilde tozun i\u00e7ine yerle\u015ftirin.<\/p>\n<\/li>\n<li>\n<p data-path-to-node=\"23,2,0\">Fitili yak\u0131n ve vanilya kokusunun keyfini \u00e7\u0131kar\u0131n!<\/p>\n<\/li>\n<li>\n<p data-path-to-node=\"23,3,0\">S\u00f6nd\u00fcrd\u00fckten sonra sertle\u015fen k\u0131sm\u0131 ma\u015fa ile al\u0131p at\u0131n, kalan tozu sallay\u0131n ve yeni bir fitil tak\u0131n.<\/p>\n<\/li>\n<\/ol>\n<p data-path-to-node=\"24\"><b data-path-to-node=\"24\" data-index-in-node=\"0\">Teknik \u00d6zellikler:<\/b><\/p>\n<ul data-path-to-node=\"25\">\n<li>\n<p data-path-to-node=\"25,0,0\"><b data-path-to-node=\"25,0,0\" data-index-in-node=\"0\">Hammadde:<\/b> Palm Bitkisi (Bitkisel Wax)<\/p>\n<\/li>\n<li>\n<p data-path-to-node=\"25,1,0\"><b data-path-to-node=\"25,1,0\" data-index-in-node=\"0\">\u0130\u00e7erik:<\/b> %100 Vegan, Organik, Parafin \u0130\u00e7ermez<\/p>\n<\/li>\n<li>\n<p data-path-to-node=\"25,2,0\"><b data-path-to-node=\"25,2,0\" data-index-in-node=\"0\">Renk:<\/b> Beyaz<\/p>\n<\/li>\n<li>\n<p data-path-to-node=\"25,3,0\"><b data-path-to-node=\"25,3,0\" data-index-in-node=\"0\">Koku:<\/b> Vanilya (Tatl\u0131 ve S\u0131cak)<\/p>\n<\/li>\n<li>\n<p data-path-to-node=\"25,4,0\"><b data-path-to-node=\"25,4,0\" data-index-in-node=\"0\">Men\u015fei:<\/b> T\u00fcrkiye \/ Blue Daisy Candle<\/p>\n<\/li>\n<\/ul>\n<\/li>\n<\/ul>\n","protected":false},"excerpt":{"rendered":"<blockquote data-path-to-node=\"13\">\n<p data-path-to-node=\"13,0\">Vanilyan\u0131n o s\u0131cak ve huzur veren klasik kokusu&#8230; Palm bitkisinden \u00fcretilen tamamen do\u011fal ve vegan form\u00fcl\u00fcyle, evinizde hem romantik hem de sa\u011fl\u0131kl\u0131 bir ortam yarat\u0131n.<\/p>\n<ul data-path-to-node=\"13,1\">\n<li>\n<p data-path-to-node=\"13,1,0,0\"><b data-path-to-node=\"13,1,0,0\" data-index-in-node=\"0\">Koku:<\/b> S\u0131cak ve Kal\u0131c\u0131 Vanilya<\/p>\n<\/li>\n<li>\n<p data-path-to-node=\"13,1,1,0\"><b data-path-to-node=\"13,1,1,0\" data-index-in-node=\"0\">Do\u011fal \u0130\u00e7erik:<\/b> %100 Bitkisel (Palm), Vegan ve Organik.<\/p>\n<\/li>\n<li>\n<p data-path-to-node=\"13,1,2,0\"><b data-path-to-node=\"13,1,2,0\" data-index-in-node=\"0\">Temiz Yan\u0131\u015f:<\/b> <b data-path-to-node=\"13,1,2,0\" data-index-in-node=\"13\">Petrol ve t\u00fcrevleri i\u00e7ermez. Asla is ve duman yapmaz.<\/b><\/p>\n<\/li>\n<li>\n<p data-path-to-node=\"13,1,3,0\"><b data-path-to-node=\"13,1,3,0\" data-index-in-node=\"0\">Paket:<\/b> 1 Kg Ekonomik Avantaj Paketi + <b data-path-to-node=\"13,1,3,0\" data-index-in-node=\"38\">25 Adet (20 cm) Fitil Hediye<\/b><\/p>\n<\/li>\n<\/ul>\n<\/blockquote>\n","protected":false},"featured_media":16610,"comment_status":"open","ping_status":"closed","template":"","meta":[],"product_brand":[],"product_cat":[109,110],"product_tag":[129,128,126,124,125,127],"class_list":{"0":"post-16341","1":"product","2":"type-product","3":"status-publish","4":"has-post-thumbnail","6":"product_cat-inci-tozu-mum","7":"product_cat-beyaz-inci-tozu-mum","8":"product_tag-blue-daisy-candle","9":"product_tag-ev-dekorasyonu","10":"product_tag-granul-mum","11":"product_tag-inci-tozu-mum","12":"product_tag-toz-mum","13":"product_tag-vanilya-mum","15":"first","16":"instock","17":"sale","18":"taxable","19":"shipping-taxable","20":"purchasable","21":"product-type-simple"},"jetpack_sharing_enabled":true,"_links":{"self":[{"href":"https:\/\/www.bluedaisycandle.com\/index.php?rest_route=\/wp\/v2\/product\/16341","targetHints":{"allow":["GET"]}}],"collection":[{"href":"https:\/\/www.bluedaisycandle.com\/index.php?rest_route=\/wp\/v2\/product"}],"about":[{"href":"https:\/\/www.bluedaisycandle.com\/index.php?rest_route=\/wp\/v2\/types\/product"}],"replies":[{"embeddable":true,"href":"https:\/\/www.bluedaisycandle.com\/index.php?rest_route=%2Fwp%2Fv2%2Fcomments&post=16341"}],"version-history":[{"count":5,"href":"https:\/\/www.bluedaisycandle.com\/index.php?rest_route=\/wp\/v2\/product\/16341\/revisions"}],"predecessor-version":[{"id":16611,"href":"https:\/\/www.bluedaisycandle.com\/index.php?rest_route=\/wp\/v2\/product\/16341\/revisions\/16611"}],"wp:featuredmedia":[{"embeddable":true,"href":"https:\/\/www.bluedaisycandle.com\/index.php?rest_route=\/wp\/v2\/media\/16610"}],"wp:attachment":[{"href":"https:\/\/www.bluedaisycandle.com\/index.php?rest_route=%2Fwp%2Fv2%2Fmedia&parent=16341"}],"wp:term":[{"taxonomy":"product_brand","embeddable":true,"href":"https:\/\/www.bluedaisycandle.com\/index.php?rest_route=%2Fwp%2Fv2%2Fproduct_brand&post=16341"},{"taxonomy":"product_cat","embeddable":true,"href":"https:\/\/www.bluedaisycandle.com\/index.php?rest_route=%2Fwp%2Fv2%2Fproduct_cat&post=16341"},{"taxonomy":"product_tag","embeddable":true,"href":"https:\/\/www.bluedaisycandle.com\/index.php?rest_route=%2Fwp%2Fv2%2Fproduct_tag&post=16341"}],"curies":[{"name":"wp","href":"https:\/\/api.w.org\/{rel}","templated":true}]}}