{"id":16318,"date":"2025-06-30T11:47:53","date_gmt":"2025-06-30T08:47:53","guid":{"rendered":"https:\/\/www.bluedaisycandle.com\/?post_type=product&#038;p=16318"},"modified":"2026-04-28T15:27:48","modified_gmt":"2026-04-28T12:27:48","slug":"kisiye-ozel-dugunnisansoz-hediyelik-papatya-kokulu-buket-mum-15-adet","status":"publish","type":"product","link":"https:\/\/www.bluedaisycandle.com\/?product=kisiye-ozel-dugunnisansoz-hediyelik-papatya-kokulu-buket-mum-15-adet","title":{"rendered":"Ki\u015fiye \u00d6zel D\u00fc\u011f\u00fcn|Ni\u015fan|S\u00f6z Hediyelik Papatya Kokulu Buket Mum &#8211; 15 Adet"},"content":{"rendered":"<ul class=\"detail-desc-list\">\n<li>-Her bir mum, papatya kokusu ile zenginle\u015ftirilmi\u015f olup, misafirlerinizin ho\u015f an\u0131lar\u0131na e\u015flik eder.<\/li>\n<li>-Havetli say\u0131s\u0131n\u0131za uygun \u015fekilde haz\u0131rlanm\u0131\u015ft\u0131r ve \u015f\u0131k bir sunum sa\u011flar.<\/li>\n<li>&#8211; \u00dcretiminde yerli malzemeler kullan\u0131larak \u00fcretilmi\u015f olup, kalite standartlar\u0131na uygunlu\u011fu garanti alt\u0131na al\u0131nmt\u0131r.<\/li>\n<\/ul>\n","protected":false},"excerpt":{"rendered":"<p>-Her bir mum, papatya kokusu ile zenginle\u015ftirilmi\u015f olup, misafirlerinizin ho\u015f an\u0131lar\u0131na e\u015flik eder. -Havetli say\u0131s\u0131n\u0131za uygun \u015fekilde haz\u0131rlanm\u0131\u015ft\u0131r ve \u015f\u0131k<\/p>\n","protected":false},"featured_media":16328,"comment_status":"open","ping_status":"closed","template":"","meta":[],"product_brand":[],"product_cat":[118],"product_tag":[],"class_list":{"0":"post-16318","1":"product","2":"type-product","3":"status-publish","4":"has-post-thumbnail","6":"product_cat-hediyelik-mumlar","8":"first","9":"instock","10":"sale","11":"taxable","12":"shipping-taxable","13":"purchasable","14":"product-type-simple"},"jetpack_sharing_enabled":true,"_links":{"self":[{"href":"https:\/\/www.bluedaisycandle.com\/index.php?rest_route=\/wp\/v2\/product\/16318","targetHints":{"allow":["GET"]}}],"collection":[{"href":"https:\/\/www.bluedaisycandle.com\/index.php?rest_route=\/wp\/v2\/product"}],"about":[{"href":"https:\/\/www.bluedaisycandle.com\/index.php?rest_route=\/wp\/v2\/types\/product"}],"replies":[{"embeddable":true,"href":"https:\/\/www.bluedaisycandle.com\/index.php?rest_route=%2Fwp%2Fv2%2Fcomments&post=16318"}],"version-history":[{"count":5,"href":"https:\/\/www.bluedaisycandle.com\/index.php?rest_route=\/wp\/v2\/product\/16318\/revisions"}],"predecessor-version":[{"id":16330,"href":"https:\/\/www.bluedaisycandle.com\/index.php?rest_route=\/wp\/v2\/product\/16318\/revisions\/16330"}],"wp:featuredmedia":[{"embeddable":true,"href":"https:\/\/www.bluedaisycandle.com\/index.php?rest_route=\/wp\/v2\/media\/16328"}],"wp:attachment":[{"href":"https:\/\/www.bluedaisycandle.com\/index.php?rest_route=%2Fwp%2Fv2%2Fmedia&parent=16318"}],"wp:term":[{"taxonomy":"product_brand","embeddable":true,"href":"https:\/\/www.bluedaisycandle.com\/index.php?rest_route=%2Fwp%2Fv2%2Fproduct_brand&post=16318"},{"taxonomy":"product_cat","embeddable":true,"href":"https:\/\/www.bluedaisycandle.com\/index.php?rest_route=%2Fwp%2Fv2%2Fproduct_cat&post=16318"},{"taxonomy":"product_tag","embeddable":true,"href":"https:\/\/www.bluedaisycandle.com\/index.php?rest_route=%2Fwp%2Fv2%2Fproduct_tag&post=16318"}],"curies":[{"name":"wp","href":"https:\/\/api.w.org\/{rel}","templated":true}]}}