{"id":15888,"date":"2023-12-10T19:27:40","date_gmt":"2023-12-10T16:27:40","guid":{"rendered":"https:\/\/www.bluedaisycandle.com\/?post_type=product&#038;p=15888"},"modified":"2026-03-09T22:27:33","modified_gmt":"2026-03-09T19:27:33","slug":"inci-tozu-mum-exclusive-30-adet-fitil-ile-guava-aromali-zeytinyesili-250-gr","status":"publish","type":"product","link":"https:\/\/www.bluedaisycandle.com\/?product=inci-tozu-mum-exclusive-30-adet-fitil-ile-guava-aromali-zeytinyesili-250-gr","title":{"rendered":"Inci Tozu Mum Exclusive ( 30 Adet Fitil Ile ) GUAVA Aromal\u0131 zeytinye\u015fili 250 gr"},"content":{"rendered":"<p data-sourcepos=\"1:1-1:83\"><strong>\u0130nci Tozu Mum Exclusive ( 30 Adet Fitil Ile ) GUAVA Aromal\u0131 zeytinye\u015fili 250 gr<\/strong><\/p>\n<p data-sourcepos=\"3:1-3:20\"><strong>\u00dcr\u00fcn \u00d6zellikleri<\/strong><\/p>\n<ul data-sourcepos=\"5:1-10:0\">\n<li data-sourcepos=\"5:1-5:17\">Par\u00e7a Say\u0131s\u0131: 1<\/li>\n<li data-sourcepos=\"6:1-6:30\">Koku Aromas\u0131: Tropikal Meyve<\/li>\n<li data-sourcepos=\"7:1-7:17\">\u00d6zellik: Kokulu<\/li>\n<li data-sourcepos=\"8:1-8:13\">Renk: Ye\u015fil<\/li>\n<li data-sourcepos=\"9:1-10:0\">Boyut\/Ebat: 250 gr<\/li>\n<\/ul>\n<p data-sourcepos=\"11:1-11:12\"><strong>A\u00e7\u0131klama<\/strong><\/p>\n<p data-sourcepos=\"13:1-13:181\">Bu \u00fcr\u00fcn, 250 gr a\u011f\u0131rl\u0131\u011f\u0131nda, guava aromal\u0131, ye\u015fil renkli bir mumdur. Mum, y\u00fczde y\u00fcz pamuklu ipten yap\u0131lm\u0131\u015f, haz\u0131r sert mumlanm\u0131\u015f mumdur. 30 adet fitil ile birlikte g\u00f6nderilmektedir.<\/p>\n<p data-sourcepos=\"15:1-15:12\"><strong>Kullan\u0131m<\/strong><\/p>\n<p data-sourcepos=\"17:1-17:42\">Bu mum, do\u011frudan yak\u0131larak kullan\u0131labilir.<\/p>\n<p data-sourcepos=\"19:1-19:12\"><strong>\u00d6neriler<\/strong><\/p>\n<p data-sourcepos=\"21:1-21:149\">Mumlar\u0131 yakarken, \u00e7ocuklar\u0131n ve evcil hayvanlar\u0131n eri\u015femeyece\u011fi yerlerde tutun. Mumlar\u0131 yakt\u0131ktan sonra, mumun tamamen s\u00f6nene kadar yak\u0131nlarda durun.<\/p>\n<p data-sourcepos=\"23:1-23:13\"><strong>Faydalar\u0131<\/strong><\/p>\n<ul data-sourcepos=\"25:1-28:0\">\n<li data-sourcepos=\"25:1-25:38\">Dekoratif ve \u015f\u0131k bir g\u00f6r\u00fcn\u00fcm sa\u011flar.<\/li>\n<li data-sourcepos=\"26:1-26:21\">Ho\u015f bir koku yayar.<\/li>\n<li data-sourcepos=\"27:1-28:0\">Romantik bir ortam yarat\u0131r.<\/li>\n<\/ul>\n<p data-sourcepos=\"29:1-29:12\"><strong>Uyar\u0131lar<\/strong><\/p>\n<ul data-sourcepos=\"31:1-35:0\">\n<li data-sourcepos=\"31:1-31:81\">Mumlar\u0131 yakarken, \u00e7ocuklar\u0131n ve evcil hayvanlar\u0131n eri\u015femeyece\u011fi yerlerde tutun.<\/li>\n<li data-sourcepos=\"32:1-32:71\">Mumlar\u0131 yakt\u0131ktan sonra, mumun tamamen s\u00f6nene kadar yak\u0131nlarda durun.<\/li>\n<li data-sourcepos=\"33:1-33:53\">Mumlar\u0131, yan\u0131c\u0131 malzemelerden uzak bir yerde tutun.<\/li>\n<li data-sourcepos=\"34:1-35:0\">Mumlar\u0131, havaland\u0131rman\u0131n iyi oldu\u011fu bir yerde tutun.<\/li>\n<\/ul>\n<p data-sourcepos=\"36:1-36:17\"><strong>De\u011ferlendirme<\/strong><\/p>\n<p data-sourcepos=\"38:1-38:196\">Bu \u00fcr\u00fcn, dekoratif ve \u015f\u0131k bir g\u00f6r\u00fcn\u00fcm sa\u011flayan, ho\u015f bir koku yayan ve romantik bir ortam yaratan bir mumdur. Guava aromas\u0131, tropikal bir hava katar. Ayr\u0131ca, 250 gr a\u011f\u0131rl\u0131\u011f\u0131yla uzun s\u00fcre yanabilir.<\/p>\n<p data-sourcepos=\"40:1-40:12\"><strong>\u0130nceleme<\/strong><\/p>\n<p data-sourcepos=\"42:1-42:283\">\u0130nci Tozu Mum Exclusive ( 30 Adet Fitil Ile ) GUAVA Aromal\u0131 zeytinye\u015fili 250 gr, kaliteli bir i\u015f\u00e7ili\u011fe ve malzemeye sahip bir mumdur. Mum, ye\u015fil rengiyle ve guava aromas\u0131yla dikkat \u00e7eker. Mumun yanmas\u0131 d\u00fczg\u00fcnd\u00fcr ve koku seviyesi idealdir. Mum, 250 gr a\u011f\u0131rl\u0131\u011f\u0131yla uzun s\u00fcre yanabilir.<\/p>\n<p data-sourcepos=\"44:1-44:162\">Mum, dekoratif bir g\u00f6r\u00fcn\u00fcm sa\u011flamak i\u00e7in kullan\u0131labilir. Ayr\u0131ca, romantik bir ortam yaratmak i\u00e7in de kullan\u0131labilir. Mumun guava aromas\u0131, tropikal bir hava katar.<\/p>\n<p data-sourcepos=\"46:1-46:90\">Mum, 30 adet fitil ile birlikte g\u00f6nderilmektedir. Bu da, mumun uzun s\u00fcre yanmas\u0131n\u0131 sa\u011flar.<\/p>\n<p data-sourcepos=\"48:1-48:172\">Genel olarak, Inci Tozu Mum Exclusive ( 30 Adet Fitil Ile ) GUAVA Aromal\u0131 zeytinye\u015fili 250 gr, kaliteli bir i\u015f\u00e7ili\u011fe ve malzemeye sahip, dekoratif ve ho\u015f kokulu bir mumdur.<\/p>\n","protected":false},"excerpt":{"rendered":"<p>\u0130nci Tozu Mum Exclusive ( 30 Adet Fitil Ile ) GUAVA Aromal\u0131 zeytinye\u015fili 250 gr \u00dcr\u00fcn \u00d6zellikleri Par\u00e7a Say\u0131s\u0131: 1<\/p>\n","protected":false},"featured_media":15889,"comment_status":"open","ping_status":"closed","template":"","meta":[],"product_brand":[],"product_cat":[109,112],"product_tag":[],"class_list":{"0":"post-15888","1":"product","2":"type-product","3":"status-publish","4":"has-post-thumbnail","6":"product_cat-inci-tozu-mum","7":"product_cat-exclusive-inci-tozu-mum","9":"first","10":"instock","11":"sale","12":"taxable","13":"shipping-taxable","14":"purchasable","15":"product-type-simple"},"jetpack_sharing_enabled":true,"_links":{"self":[{"href":"https:\/\/www.bluedaisycandle.com\/index.php?rest_route=\/wp\/v2\/product\/15888","targetHints":{"allow":["GET"]}}],"collection":[{"href":"https:\/\/www.bluedaisycandle.com\/index.php?rest_route=\/wp\/v2\/product"}],"about":[{"href":"https:\/\/www.bluedaisycandle.com\/index.php?rest_route=\/wp\/v2\/types\/product"}],"replies":[{"embeddable":true,"href":"https:\/\/www.bluedaisycandle.com\/index.php?rest_route=%2Fwp%2Fv2%2Fcomments&post=15888"}],"version-history":[{"count":1,"href":"https:\/\/www.bluedaisycandle.com\/index.php?rest_route=\/wp\/v2\/product\/15888\/revisions"}],"predecessor-version":[{"id":15893,"href":"https:\/\/www.bluedaisycandle.com\/index.php?rest_route=\/wp\/v2\/product\/15888\/revisions\/15893"}],"wp:featuredmedia":[{"embeddable":true,"href":"https:\/\/www.bluedaisycandle.com\/index.php?rest_route=\/wp\/v2\/media\/15889"}],"wp:attachment":[{"href":"https:\/\/www.bluedaisycandle.com\/index.php?rest_route=%2Fwp%2Fv2%2Fmedia&parent=15888"}],"wp:term":[{"taxonomy":"product_brand","embeddable":true,"href":"https:\/\/www.bluedaisycandle.com\/index.php?rest_route=%2Fwp%2Fv2%2Fproduct_brand&post=15888"},{"taxonomy":"product_cat","embeddable":true,"href":"https:\/\/www.bluedaisycandle.com\/index.php?rest_route=%2Fwp%2Fv2%2Fproduct_cat&post=15888"},{"taxonomy":"product_tag","embeddable":true,"href":"https:\/\/www.bluedaisycandle.com\/index.php?rest_route=%2Fwp%2Fv2%2Fproduct_tag&post=15888"}],"curies":[{"name":"wp","href":"https:\/\/api.w.org\/{rel}","templated":true}]}}