{"id":15864,"date":"2023-12-10T18:10:43","date_gmt":"2023-12-10T15:10:43","guid":{"rendered":"https:\/\/www.bluedaisycandle.com\/?post_type=product&#038;p=15864"},"modified":"2026-01-08T14:41:37","modified_gmt":"2026-01-08T11:41:37","slug":"100-adet-inci-tozu-mum-fitili-0-pamuk-sert-mum-fitili-4cm-bdcitmf100","status":"publish","type":"product","link":"https:\/\/www.bluedaisycandle.com\/?product=100-adet-inci-tozu-mum-fitili-0-pamuk-sert-mum-fitili-4cm-bdcitmf100","title":{"rendered":"100 Adet Inci Tozu Mum Fitili %100 Pamuk Sert Mum Fitili 4cm bdcitmf100"},"content":{"rendered":"<p data-sourcepos=\"1:1-1:20\"><strong>\u00dcr\u00fcn \u00d6zellikleri<\/strong><\/p>\n<ul data-sourcepos=\"3:1-8:0\">\n<li data-sourcepos=\"3:1-3:33\">Par\u00e7a Say\u0131s\u0131: 100 adet ve \u00fczeri<\/li>\n<li data-sourcepos=\"4:1-4:23\">Koku Aromas\u0131: Kokusuz<\/li>\n<li data-sourcepos=\"5:1-5:18\">\u00d6zellik: Kokusuz<\/li>\n<li data-sourcepos=\"6:1-6:13\">Renk: Beyaz<\/li>\n<li data-sourcepos=\"7:1-8:0\">Boyut\/Ebat: 4 cm<\/li>\n<\/ul>\n<p data-sourcepos=\"9:1-9:12\"><strong>A\u00e7\u0131klama<\/strong><\/p>\n<p data-sourcepos=\"11:1-11:138\">Bu \u00fcr\u00fcn, y\u00fczde y\u00fcz pamuklu ipten yap\u0131lm\u0131\u015f, haz\u0131r sert mumlanm\u0131\u015f mum fitilleridir. 4 cm uzunlu\u011fundad\u0131r ve 100 adet ve \u00fczeridir. Kokusuzdur.<\/p>\n<p data-sourcepos=\"13:1-13:12\"><strong>Kullan\u0131m<\/strong><\/p>\n<p data-sourcepos=\"15:1-15:232\">Bu fitiller, mum yap\u0131m\u0131nda kullan\u0131l\u0131r. Mum kal\u0131b\u0131na yerle\u015ftirilen fitilin ortas\u0131na bir par\u00e7a mum yerle\u015ftirilir ve fitil mumla birlikte kal\u0131ba d\u00f6k\u00fcl\u00fcr. Mum eridikten sonra fitil, mumun i\u00e7inden ge\u00e7erek d\u00fcz bir \u015fekilde kal\u0131ba yerle\u015fir.<\/p>\n<p data-sourcepos=\"17:1-17:12\"><strong>\u00d6neriler<\/strong><\/p>\n<p data-sourcepos=\"19:1-19:186\">Bu fitiller, mum yap\u0131m\u0131nda kullan\u0131ld\u0131\u011f\u0131nda, mumun d\u00fczg\u00fcn bir \u015fekilde yanmas\u0131 i\u00e7in \u00f6nemlidir. Fitilin, mum kal\u0131b\u0131n\u0131n ortas\u0131na yerle\u015ftirilmesi ve mumla birlikte kal\u0131ba d\u00f6k\u00fclmesi \u00f6nemlidir.<\/p>\n<p data-sourcepos=\"21:1-21:13\"><strong>Faydalar\u0131<\/strong><\/p>\n<ul data-sourcepos=\"23:1-26:0\">\n<li data-sourcepos=\"23:1-23:30\">Mum yap\u0131m\u0131nda kolay kullan\u0131m<\/li>\n<li data-sourcepos=\"24:1-24:20\">D\u00fczg\u00fcn mum yanmas\u0131<\/li>\n<li data-sourcepos=\"25:1-26:0\">Kokusuz<\/li>\n<\/ul>\n<p data-sourcepos=\"27:1-27:12\"><strong>Uyar\u0131lar<\/strong><\/p>\n<ul data-sourcepos=\"29:1-31:0\">\n<li data-sourcepos=\"29:1-29:47\">Mum yap\u0131m\u0131nda g\u00fcvenlik \u00f6nlemleri al\u0131nmal\u0131d\u0131r.<\/li>\n<li data-sourcepos=\"30:1-31:0\">Mumlar, \u00e7ocuklar\u0131n eri\u015femeyece\u011fi yerlerde tutulmal\u0131d\u0131r.<\/li>\n<\/ul>\n<p data-sourcepos=\"32:1-32:17\"><strong>De\u011ferlendirme<\/strong><\/p>\n<p data-sourcepos=\"34:1-34:125\">Bu \u00fcr\u00fcn, mum yap\u0131m\u0131nda kullan\u0131lan kaliteli bir fitildir. Kokusuz olmas\u0131 ve d\u00fczg\u00fcn yanmas\u0131, bu fitili tercih edilebilir k\u0131lar.<\/p>\n<p data-sourcepos=\"52:1-52:258\">\n","protected":false},"excerpt":{"rendered":"<p>\u00dcr\u00fcn \u00d6zellikleri Par\u00e7a Say\u0131s\u0131: 100 adet ve \u00fczeri Koku Aromas\u0131: Kokusuz \u00d6zellik: Kokusuz Renk: Beyaz Boyut\/Ebat: 4 cm A\u00e7\u0131klama Bu<\/p>\n","protected":false},"featured_media":16590,"comment_status":"open","ping_status":"closed","template":"","meta":[],"product_brand":[],"product_cat":[119,120],"product_tag":[],"class_list":{"0":"post-15864","1":"product","2":"type-product","3":"status-publish","4":"has-post-thumbnail","6":"product_cat-mum-fitilleri","7":"product_cat-sertlestirilmis-fitiller","9":"first","10":"instock","11":"sale","12":"taxable","13":"shipping-taxable","14":"purchasable","15":"product-type-simple"},"jetpack_sharing_enabled":true,"_links":{"self":[{"href":"https:\/\/www.bluedaisycandle.com\/index.php?rest_route=\/wp\/v2\/product\/15864","targetHints":{"allow":["GET"]}}],"collection":[{"href":"https:\/\/www.bluedaisycandle.com\/index.php?rest_route=\/wp\/v2\/product"}],"about":[{"href":"https:\/\/www.bluedaisycandle.com\/index.php?rest_route=\/wp\/v2\/types\/product"}],"replies":[{"embeddable":true,"href":"https:\/\/www.bluedaisycandle.com\/index.php?rest_route=%2Fwp%2Fv2%2Fcomments&post=15864"}],"version-history":[{"count":4,"href":"https:\/\/www.bluedaisycandle.com\/index.php?rest_route=\/wp\/v2\/product\/15864\/revisions"}],"predecessor-version":[{"id":16591,"href":"https:\/\/www.bluedaisycandle.com\/index.php?rest_route=\/wp\/v2\/product\/15864\/revisions\/16591"}],"wp:featuredmedia":[{"embeddable":true,"href":"https:\/\/www.bluedaisycandle.com\/index.php?rest_route=\/wp\/v2\/media\/16590"}],"wp:attachment":[{"href":"https:\/\/www.bluedaisycandle.com\/index.php?rest_route=%2Fwp%2Fv2%2Fmedia&parent=15864"}],"wp:term":[{"taxonomy":"product_brand","embeddable":true,"href":"https:\/\/www.bluedaisycandle.com\/index.php?rest_route=%2Fwp%2Fv2%2Fproduct_brand&post=15864"},{"taxonomy":"product_cat","embeddable":true,"href":"https:\/\/www.bluedaisycandle.com\/index.php?rest_route=%2Fwp%2Fv2%2Fproduct_cat&post=15864"},{"taxonomy":"product_tag","embeddable":true,"href":"https:\/\/www.bluedaisycandle.com\/index.php?rest_route=%2Fwp%2Fv2%2Fproduct_tag&post=15864"}],"curies":[{"name":"wp","href":"https:\/\/api.w.org\/{rel}","templated":true}]}}