{"id":15831,"date":"2023-12-10T16:53:05","date_gmt":"2023-12-10T13:53:05","guid":{"rendered":"https:\/\/www.bluedaisycandle.com\/?post_type=product&#038;p=15831"},"modified":"2026-03-09T22:27:33","modified_gmt":"2026-03-09T19:27:33","slug":"50-adet-ozel-mini-bubble-mum-davet-nikah-soz-nisan-kina-hediyeligi","status":"publish","type":"product","link":"https:\/\/www.bluedaisycandle.com\/?product=50-adet-ozel-mini-bubble-mum-davet-nikah-soz-nisan-kina-hediyeligi","title":{"rendered":"50 Adet \u00d6zel Mini Bubble Mum Davet Nikah S\u00f6z Ni\u015fan K\u0131na Hediyeli\u011fi"},"content":{"rendered":"<div class=\"chat-history-scroll-container ng-tns-c3136545752-2 ng-trigger ng-trigger-resetChat show-bottom-shadow\">\n<div class=\"conversation-container ng-tns-c3136545752-2 narrow-container ng-star-inserted\">\n<div class=\"ng-tns-c3424610680-15\">\n<div class=\"response-container ng-tns-c3023136783-16 response-container-has-multiple-responses\">\n<div class=\"presented-response-container ng-tns-c3023136783-16\">\n<div class=\"response-container-content ng-tns-c3023136783-16\">\n<div class=\"response-content ng-trigger ng-trigger-responsePopulation ng-tns-c3023136783-16 ng-animate-disabled\">\n<div class=\"markdown markdown-main-panel\" dir=\"ltr\">\n<p data-sourcepos=\"1:1-1:70\"><strong>50 Adet \u00d6zel Mini Bubble Mum Davet Nikah S\u00f6z Ni\u015fan K\u0131na Hediyeli\u011fi<\/strong><\/p>\n<p data-sourcepos=\"3:1-3:14\"><strong>\u00d6zellikler<\/strong><\/p>\n<ul data-sourcepos=\"5:1-8:0\">\n<li data-sourcepos=\"5:1-5:9\">Kokusuz<\/li>\n<li data-sourcepos=\"6:1-6:7\">Beyaz<\/li>\n<li data-sourcepos=\"7:1-8:0\">Tek Ebat<\/li>\n<\/ul>\n<p data-sourcepos=\"9:1-9:12\"><strong>A\u00e7\u0131klama<\/strong><\/p>\n<p data-sourcepos=\"11:1-11:136\">Bu \u00fcr\u00fcn, 50 adet \u00f6zel mini bubble mumdan olu\u015fan bir hediyelik setidir. Mumlar, kokusuz ve beyaz renktedir. Tek ebat olarak \u00fcretilmi\u015ftir.<\/p>\n<p data-sourcepos=\"13:1-13:87\">Mumlar, 3,5 cm \u00e7ap\u0131nda ve 32 gram a\u011f\u0131rl\u0131\u011f\u0131ndad\u0131r. Yakla\u015f\u0131k 2 saat boyunca yanabilirler.<\/p>\n<p data-sourcepos=\"15:1-15:133\">Mumlar, \u00f6zel g\u00fcnlerde davetlilere hediye olarak da\u011f\u0131tmak i\u00e7in idealdir. S\u00f6z, ni\u015fan, d\u00fc\u011f\u00fcn, k\u0131na gibi \u00f6zel g\u00fcnlerde kullan\u0131labilirler.<\/p>\n<p data-sourcepos=\"17:1-17:24\"><strong>Kullan\u0131m Talimatlar\u0131<\/strong><\/p>\n<p data-sourcepos=\"19:1-19:83\">Mumu, d\u00fcz ve sabit bir y\u00fczeye yerle\u015ftiriniz. Mumu yakmadan \u00f6nce, fitili k\u0131salt\u0131n\u0131z.<\/p>\n<p data-sourcepos=\"21:1-21:97\">Mumu yakt\u0131ktan sonra, yak\u0131n\u0131n\u0131zdan uzak tutunuz. Mumun yak\u0131n\u0131nda yan\u0131c\u0131 maddeler bulundurmay\u0131n\u0131z.<\/p>\n<p data-sourcepos=\"23:1-23:24\">Mum bitmeden s\u00f6nd\u00fcr\u00fcn\u00fcz.<\/p>\n<p data-sourcepos=\"25:1-25:21\"><strong>Saklama Ko\u015fullar\u0131<\/strong><\/p>\n<p data-sourcepos=\"27:1-27:106\">Mumu, kuru ve serin bir yerde muhafaza ediniz. Mumun \u00fczerine direkt g\u00fcne\u015f \u0131\u015f\u0131\u011f\u0131 gelmemesine dikkat ediniz.<\/p>\n<p data-sourcepos=\"29:1-29:12\"><strong>Uyar\u0131lar<\/strong><\/p>\n<ul data-sourcepos=\"31:1-34:26\">\n<li data-sourcepos=\"31:1-31:55\">Mumu, \u00e7ocuklardan ve evcil hayvanlardan uzak tutunuz.<\/li>\n<li data-sourcepos=\"32:1-32:48\">Mumun yan\u0131nda yan\u0131c\u0131 maddeler bulundurmay\u0131n\u0131z.<\/li>\n<li data-sourcepos=\"33:1-33:51\">Mumu, yakt\u0131ktan sonra, yak\u0131n\u0131n\u0131zdan uzak tutunuz.<\/li>\n<li data-sourcepos=\"34:1-34:26\">Mum bitmeden s\u00f6nd\u00fcr\u00fcn\u00fcz.<\/li>\n<\/ul>\n<\/div>\n<div class=\"response-footer ng-tns-c3424610680-15 complete gap\">\n<div class=\"sources-list-container\"><\/div>\n<\/div>\n<\/div>\n<\/div>\n<\/div>\n<\/div>\n<\/div>\n<\/div>\n<\/div>\n","protected":false},"excerpt":{"rendered":"<p>50 Adet \u00d6zel Mini Bubble Mum Davet Nikah S\u00f6z Ni\u015fan K\u0131na Hediyeli\u011fi \u00d6zellikler Kokusuz Beyaz Tek Ebat A\u00e7\u0131klama Bu \u00fcr\u00fcn,<\/p>\n","protected":false},"featured_media":15832,"comment_status":"open","ping_status":"closed","template":"","meta":[],"product_brand":[],"product_cat":[118],"product_tag":[],"class_list":{"0":"post-15831","1":"product","2":"type-product","3":"status-publish","4":"has-post-thumbnail","6":"product_cat-hediyelik-mumlar","8":"first","9":"instock","10":"sale","11":"taxable","12":"shipping-taxable","13":"purchasable","14":"product-type-simple"},"jetpack_sharing_enabled":true,"_links":{"self":[{"href":"https:\/\/www.bluedaisycandle.com\/index.php?rest_route=\/wp\/v2\/product\/15831","targetHints":{"allow":["GET"]}}],"collection":[{"href":"https:\/\/www.bluedaisycandle.com\/index.php?rest_route=\/wp\/v2\/product"}],"about":[{"href":"https:\/\/www.bluedaisycandle.com\/index.php?rest_route=\/wp\/v2\/types\/product"}],"replies":[{"embeddable":true,"href":"https:\/\/www.bluedaisycandle.com\/index.php?rest_route=%2Fwp%2Fv2%2Fcomments&post=15831"}],"version-history":[{"count":1,"href":"https:\/\/www.bluedaisycandle.com\/index.php?rest_route=\/wp\/v2\/product\/15831\/revisions"}],"predecessor-version":[{"id":15838,"href":"https:\/\/www.bluedaisycandle.com\/index.php?rest_route=\/wp\/v2\/product\/15831\/revisions\/15838"}],"wp:featuredmedia":[{"embeddable":true,"href":"https:\/\/www.bluedaisycandle.com\/index.php?rest_route=\/wp\/v2\/media\/15832"}],"wp:attachment":[{"href":"https:\/\/www.bluedaisycandle.com\/index.php?rest_route=%2Fwp%2Fv2%2Fmedia&parent=15831"}],"wp:term":[{"taxonomy":"product_brand","embeddable":true,"href":"https:\/\/www.bluedaisycandle.com\/index.php?rest_route=%2Fwp%2Fv2%2Fproduct_brand&post=15831"},{"taxonomy":"product_cat","embeddable":true,"href":"https:\/\/www.bluedaisycandle.com\/index.php?rest_route=%2Fwp%2Fv2%2Fproduct_cat&post=15831"},{"taxonomy":"product_tag","embeddable":true,"href":"https:\/\/www.bluedaisycandle.com\/index.php?rest_route=%2Fwp%2Fv2%2Fproduct_tag&post=15831"}],"curies":[{"name":"wp","href":"https:\/\/api.w.org\/{rel}","templated":true}]}}